{"id":352,"date":"2020-04-08T10:45:36","date_gmt":"2020-04-08T08:45:36","guid":{"rendered":"https:\/\/www.hypnosetvous.com\/?page_id=352"},"modified":"2025-10-29T12:08:15","modified_gmt":"2025-10-29T11:08:15","slug":"cabinethypnosevalence","status":"publish","type":"page","link":"https:\/\/www.hypnosetvous.com\/?page_id=352","title":{"rendered":"Le cabinet hypnose EMDR Valence Romans &#8211; Fr\u00e9d\u00e9ric Garcia hypnotiseur passionn\u00e9"},"content":{"rendered":"<p><img loading=\"lazy\" decoding=\"async\" width=\"800\" height=\"266\" src=\"https:\/\/www.hypnosetvous.com\/wp-content\/uploads\/2020\/01\/Blog-Hypnose-PNL-developpement-personnel-Cabinet-Frederic-Garcia-Valence-1024x341.jpeg\" alt=\"Blog Hypnose PNL developpement personnel - Cabinet Frederic Garcia Valence\" srcset=\"https:\/\/www.hypnosetvous.com\/wp-content\/uploads\/2020\/01\/Blog-Hypnose-PNL-developpement-personnel-Cabinet-Frederic-Garcia-Valence-1024x341.jpeg 1024w, https:\/\/www.hypnosetvous.com\/wp-content\/uploads\/2020\/01\/Blog-Hypnose-PNL-developpement-personnel-Cabinet-Frederic-Garcia-Valence-300x100.jpeg 300w, https:\/\/www.hypnosetvous.com\/wp-content\/uploads\/2020\/01\/Blog-Hypnose-PNL-developpement-personnel-Cabinet-Frederic-Garcia-Valence-768x256.jpeg 768w, https:\/\/www.hypnosetvous.com\/wp-content\/uploads\/2020\/01\/Blog-Hypnose-PNL-developpement-personnel-Cabinet-Frederic-Garcia-Valence-1536x512.jpeg 1536w, https:\/\/www.hypnosetvous.com\/wp-content\/uploads\/2020\/01\/Blog-Hypnose-PNL-developpement-personnel-Cabinet-Frederic-Garcia-Valence-2048x683.jpeg 2048w\" sizes=\"auto, (max-width: 800px) 100vw, 800px\" \/>\t\t\t\t\t\t\t\t\t\t\t\t\t\t\t<\/p>\n<h1 style=\"font-style: normal; background-color: rgba(213, 218, 223, 0.8);\">Bienvenue sur le Blog Hypnosevous !<\/h1>\n<h6 style=\"font-style: normal; background-color: rgba(213, 218, 223, 0.8);\">Hypnose, PNL, Psychologie, Th\u00e9rapie br\u00e8ves, d\u00e9veloppement personnel&#8230; sont au RDV de mon mod\u00e8ste Blog.<\/h6>\n<p>\t\t\t\t\t\t\t\t\t\t\t\t\t\t\t<img loading=\"lazy\" decoding=\"async\" width=\"800\" height=\"800\" src=\"https:\/\/www.hypnosetvous.com\/wp-content\/uploads\/2020\/03\/Fre\u0301de\u0301ric-Garcia-Hypnose-Valence-Medaillon-180x180-Facebook-1024x1024.jpeg\" alt=\"Fr\u00e9d\u00e9ric Garcia - Hypnose Valence\" srcset=\"https:\/\/www.hypnosetvous.com\/wp-content\/uploads\/2020\/03\/Fre\u0301de\u0301ric-Garcia-Hypnose-Valence-Medaillon-180x180-Facebook-1024x1024.jpeg 1024w, https:\/\/www.hypnosetvous.com\/wp-content\/uploads\/2020\/03\/Fre\u0301de\u0301ric-Garcia-Hypnose-Valence-Medaillon-180x180-Facebook-300x300.jpeg 300w, https:\/\/www.hypnosetvous.com\/wp-content\/uploads\/2020\/03\/Fre\u0301de\u0301ric-Garcia-Hypnose-Valence-Medaillon-180x180-Facebook-150x150.jpeg 150w, https:\/\/www.hypnosetvous.com\/wp-content\/uploads\/2020\/03\/Fre\u0301de\u0301ric-Garcia-Hypnose-Valence-Medaillon-180x180-Facebook-768x768.jpeg 768w, https:\/\/www.hypnosetvous.com\/wp-content\/uploads\/2020\/03\/Fre\u0301de\u0301ric-Garcia-Hypnose-Valence-Medaillon-180x180-Facebook.jpeg 1499w\" sizes=\"auto, (max-width: 800px) 100vw, 800px\" \/>\t\t\t\t\t\t\t\t\t\t\t\t\t\t\t<\/p>\n<p><b>Praticien en hypnose install\u00e9 pr\u00e8s de Valence, dans la Dr\u00f4me,<\/b> je partage ici quelques articles issus de mes recherches, lectures, exp\u00e9riences et r\u00e9flexions.<\/p>\n<p>D\u2019un esprit curieux et passionn\u00e9 par la compr\u00e9hension du fonctionnement humain, je suis toujours \u00e0 la recherche de nouvelles ressources pour accompagner au mieux chaque personne que je re\u00e7ois. Ces textes sont le fruit de ce cheminement : ce que j\u2019ai appris, ce que j\u2019ai d\u00e9couvert, parfois aussi ce que j\u2019ai exp\u00e9riment\u00e9.<\/p>\n<p>Si certains sujets vous inspirent, si vous souhaitez que j\u2019aborde une th\u00e9matique particuli\u00e8re, ou simplement partager votre ressenti apr\u00e8s lecture, vous pouvez me contacter par e-mail, sur ma page Facebook, ou tout simplement par t\u00e9l\u00e9phone. <\/p>\n<p><b>Je reste toujours disponible et \u00e0 l\u2019\u00e9coute.<\/b><b><\/b><\/p>\n","protected":false},"excerpt":{"rendered":"<div class=\"mh-excerpt\"><p>Bienvenue sur le Blog Hypnosevous ! Hypnose, PNL, Psychologie, Th\u00e9rapie br\u00e8ves, d\u00e9veloppement personnel&#8230; sont au RDV de mon mod\u00e8ste Blog. Praticien en hypnose install\u00e9 pr\u00e8s de Valence, dans la Dr\u00f4me, je partage ici quelques articles issus de mes recherches, lectures, <a class=\"mh-excerpt-more\" href=\"https:\/\/www.hypnosetvous.com\/?page_id=352\" title=\"Le cabinet hypnose EMDR Valence Romans &#8211; Fr\u00e9d\u00e9ric Garcia hypnotiseur passionn\u00e9\">[&#8230;Lire plus]<\/a><\/p>\n<\/div>","protected":false},"author":1,"featured_media":0,"parent":0,"menu_order":0,"comment_status":"closed","ping_status":"closed","template":"","meta":{"footnotes":""},"class_list":["post-352","page","type-page","status-publish","hentry"],"_links":{"self":[{"href":"https:\/\/www.hypnosetvous.com\/index.php?rest_route=\/wp\/v2\/pages\/352","targetHints":{"allow":["GET"]}}],"collection":[{"href":"https:\/\/www.hypnosetvous.com\/index.php?rest_route=\/wp\/v2\/pages"}],"about":[{"href":"https:\/\/www.hypnosetvous.com\/index.php?rest_route=\/wp\/v2\/types\/page"}],"author":[{"embeddable":true,"href":"https:\/\/www.hypnosetvous.com\/index.php?rest_route=\/wp\/v2\/users\/1"}],"replies":[{"embeddable":true,"href":"https:\/\/www.hypnosetvous.com\/index.php?rest_route=%2Fwp%2Fv2%2Fcomments&post=352"}],"version-history":[{"count":18,"href":"https:\/\/www.hypnosetvous.com\/index.php?rest_route=\/wp\/v2\/pages\/352\/revisions"}],"predecessor-version":[{"id":826,"href":"https:\/\/www.hypnosetvous.com\/index.php?rest_route=\/wp\/v2\/pages\/352\/revisions\/826"}],"wp:attachment":[{"href":"https:\/\/www.hypnosetvous.com\/index.php?rest_route=%2Fwp%2Fv2%2Fmedia&parent=352"}],"curies":[{"name":"wp","href":"https:\/\/api.w.org\/{rel}","templated":true}]}}